{"id":8,"date":"2016-01-21T20:04:24","date_gmt":"2016-01-21T19:04:24","guid":{"rendered":"https:\/\/beazplus.rs\/?page_id=8"},"modified":"2016-08-30T14:23:33","modified_gmt":"2016-08-30T12:23:33","slug":"o-nama","status":"publish","type":"page","link":"https:\/\/beazplus.rs\/de\/","title":{"rendered":"\u00dcber uns"},"content":{"rendered":"<section class=\"wpb-content-wrapper\"><p>[vc_row equal_height=&#8220;yes&#8220; css=&#8220;.vc_custom_1454938586863{margin-top: 100px !important;margin-bottom: 100px !important;}&#8220;][vc_column width=&#8220;1\/2&#8243;][vc_column_text]<\/p>\n<h1><strong>\u00dcBER UNS<\/strong><\/h1>\n<p><img loading=\"lazy\" decoding=\"async\" class=\"size-full wp-image-164 alignleft\" src=\"https:\/\/beazplus.rs\/wp-content\/uploads\/2016\/01\/icon_beazplus.png\" alt=\"icon_beazplus\" width=\"90\" height=\"96\" srcset=\"https:\/\/beazplus.rs\/wp-content\/uploads\/2016\/01\/icon_beazplus.png 90w, https:\/\/beazplus.rs\/wp-content\/uploads\/2016\/01\/icon_beazplus-47x50.png 47w, https:\/\/beazplus.rs\/wp-content\/uploads\/2016\/01\/icon_beazplus-70x75.png 70w\" sizes=\"auto, (max-width:767px) 90px, 90px\" \/><\/p>\n<p>Beaz Plus Ltd. Arandjelovac ist bei der Herstellung von gemahlenem Marmorgranulat, mikronisiertem Calciumcarbonat-F\u00fcllstoff f\u00fcr Stra\u00dfenbau -Industrie.<br \/>\nVerarbeitungsanlage spezialisiert und befindet sich in der Industriezone von Arandjelovac, 75 km von Belgrad entfernt, in einer Stadt, die f\u00fcr ihre nat\u00fcrlichen Ressourcen bekannt ist: Marmor, Mineralwasser und Ton.<br \/>\nDie Produktion begann im Jahr 2001 und seitdem wird kontinuierlich in die Modernisierung und Erweiterung des Fertigungsprozesses investiert.[\/vc_column_text][\/vc_column][vc_column width=&#8220;1\/2&#8243;][vc_column_text]<\/p>\n<h1>MODERNE PRODUKTION DER H\u00d6CHSTEN STANDARDS<\/h1>\n<p>Um die Produktionsst\u00e4tte 2014 zu modernisieren, um eine M\u00fchle zum Mahlen und Beschichtungsmaschine f\u00fcr feinsten Calciumcarbonat in Farben und Lacken, Gummi und Kunststoffen, Papier und verschiedenen Zweigen der chemischen Industrie zu installieren.<br \/>\nInitiiert wurde die Herstellung von Verbindungen der Basis von Polypropylen, Polyethylen und Polystyrol, mit der Zugabe von Calciumcarbonat, das als Ausgangsmaterial f\u00fcr die Herstellung von verschiedenen Artikeln von Gummi und Kunststoff verwendet wird: Kunststoffverpackungen (verschiedene Flaschen, K\u00e4sten) Container , Tische, St\u00fchle, Bleche, Rohre, Teile f\u00fcr die Automobilindustrie.<br \/>\nIn der kommenden Zeit wird auch die Produktion von wei\u00dfen und farbigen Perlen starten.F\u00fcr die Herstellung von Abschlussputz und kulira.In der n\u00e4chsten Phase erwarten wir den Beginn der Produktion von Innen- und Au\u00dfenfarben f\u00fcr W\u00e4nde, verschiedene Arten von Beschichtungsmaterial und Dekoration sowie Putze und kulira.[\/vc_column_text][\/vc_column][\/vc_row][vc_row full_width=&#8220;stretch_row&#8220; content_placement=&#8220;middle&#8220; parallax=&#8220;content-moving-fade&#8220; parallax_image=&#8220;220&#8243; fullwidth=&#8220;true&#8220; fullwidth_content=&#8220;false&#8220; enable_first_overlay=&#8220;true&#8220; first_overlay_opacity=&#8220;100&#8243; first_background_color=&#8220;#51d347&#8243; css=&#8220;.vc_custom_1455749231828{margin-top: 50px !important;margin-bottom: 50px !important;padding-top: 200px !important;padding-right: 35px !important;padding-bottom: 200px !important;padding-left: 35px !important;background-position: center;background-repeat: no-repeat !important;background-size: cover !important;}&#8220;][vc_column width=&#8220;1\/2&#8243; blend_mode=&#8220;overlay&#8220; css=&#8220;.vc_custom_1455749017681{margin-right: 100px !important;margin-left: 100px !important;}&#8220;][\/vc_column][vc_column width=&#8220;1\/2&#8243;][vc_column_text css=&#8220;.vc_custom_1457994610144{margin-top: 50px !important;margin-right: 50px !important;margin-bottom: 50px !important;margin-left: 50px !important;padding-top: 25px !important;padding-right: 25px !important;padding-bottom: 25px !important;padding-left: 25px !important;background-color: rgba(255,255,255,0.61) !important;*background-color: rgb(255,255,255) !important;}&#8220;]<\/p>\n<h2>EIGENE RESSOURCEN<\/h2>\n<h5>Beaz Plus Ltd. Arandjelovac besitzt die Verwertungsrechte f\u00fcr die Einlage Vinogradi von 11 ha, mit bisherigen Reserven von ca. 3.000.000 Kubikmeter zum Schleifen und Verarbeitung von technischen und Natursteinen und das ist nur ein Teil der Lagerst\u00e4tte, wo sie forschen.<\/h5>\n<p>[\/vc_column_text][\/vc_column][\/vc_row][vc_row css=&#8220;.vc_custom_1455749364147{margin-bottom: 80px !important;}&#8220;][vc_column width=&#8220;1\/2&#8243;][vc_row_inner][vc_column_inner width=&#8220;1\/2&#8243;][vc_single_image image=&#8220;512&#8243; img_size=&#8220;medium&#8220; alignment=&#8220;center&#8220; style=&#8220;vc_box_outline_circle_2&#8243; border_color=&#8220;green&#8220; onclick=&#8220;link_image&#8220; css_animation=&#8220;left-to-right&#8220;][\/vc_column_inner][vc_column_inner width=&#8220;1\/2&#8243;][vc_single_image image=&#8220;21&#8243; img_size=&#8220;medium&#8220; alignment=&#8220;center&#8220; style=&#8220;vc_box_outline_circle_2&#8243; border_color=&#8220;green&#8220; onclick=&#8220;link_image&#8220; css_animation=&#8220;left-to-right&#8220;][\/vc_column_inner][\/vc_row_inner][vc_column_text css_animation=&#8220;bottom-to-top&#8220;]<\/p>\n<h1 style=\"text-align: center;\">QUALIT\u00c4TSKONTROLLE<\/h1>\n<h3 style=\"margin-top: 0cm; text-align: center; line-height: 20.25pt; background: #FCFCFC; vertical-align: baseline;\" align=\"center\"><span style=\"font-size: 19.0pt; font-family: 'Arial','sans-serif'; color: #444444; font-weight: normal;\">Alle unsere Produkte haben das Qualit\u00e4tszertifikat der autorisierten Institut.<\/span><\/h3>\n<p>[\/vc_column_text][\/vc_column][vc_column width=&#8220;1\/2&#8243;][vc_single_image image=&#8220;170&#8243; img_size=&#8220;medium&#8220; alignment=&#8220;center&#8220; style=&#8220;vc_box_shadow_border_circle_2&#8243; css_animation=&#8220;right-to-left&#8220;][vc_column_text css_animation=&#8220;bottom-to-top&#8220;]<\/p>\n<p style=\"text-align: center;\"><strong>COMPOUNDIERUNG\u00a0Herstellung von Verbindungen auf der Basis von Polypropylen, Polyethylen und Polystyrol sind bei der Zugabe von Calciumcarbonat in einem gewissen Prozentsatz basierend, diese Materialien verbessern die mechanischen Eigenschaften und haben ihre wirtschaftliche Rechtfertigung.<\/strong><\/p>\n<p style=\"text-align: center;\"><strong>Compoundierung Granulat wird nur in wei\u00dfer Farbe produziert und wird in der Produktion von Verpackungen f\u00fcr die Lebensmittel- und Pharmaindustrie, Flaschen,Beh\u00e4ltern, M\u00f6belteilen, Folien, Rohren, Teile f\u00fcr die Automobilindustrie verwendet\u2026<\/strong><\/p>\n<p>[\/vc_column_text][\/vc_column][\/vc_row]<\/p>\n<\/section>","protected":false},"excerpt":{"rendered":"<p>[vc_row equal_height=&#8220;yes&#8220; css=&#8220;.vc_custom_1454938586863{margin-top: 100px !important;margin-bottom: 100px !important;}&#8220;][vc_column width=&#8220;1\/2&#8243;][vc_column_text] \u00dcBER UNS Beaz Plus Ltd. Arandjelovac ist bei der Herstellung von gemahlenem Marmorgranulat, mikronisiertem Calciumcarbonat-F\u00fcllstoff f\u00fcr Stra\u00dfenbau -Industrie.<span class=\"excerpt-hellip\"> [\u2026]<\/span><\/p>\n","protected":false},"author":1,"featured_media":0,"parent":0,"menu_order":0,"comment_status":"closed","ping_status":"open","template":"","meta":{"footnotes":""},"class_list":["post-8","page","type-page","status-publish","hentry"],"_hostinger_reach_plugin_has_subscription_block":false,"_hostinger_reach_plugin_is_elementor":false,"_links":{"self":[{"href":"https:\/\/beazplus.rs\/de\/wp-json\/wp\/v2\/pages\/8","targetHints":{"allow":["GET"]}}],"collection":[{"href":"https:\/\/beazplus.rs\/de\/wp-json\/wp\/v2\/pages"}],"about":[{"href":"https:\/\/beazplus.rs\/de\/wp-json\/wp\/v2\/types\/page"}],"author":[{"embeddable":true,"href":"https:\/\/beazplus.rs\/de\/wp-json\/wp\/v2\/users\/1"}],"replies":[{"embeddable":true,"href":"https:\/\/beazplus.rs\/de\/wp-json\/wp\/v2\/comments?post=8"}],"version-history":[{"count":0,"href":"https:\/\/beazplus.rs\/de\/wp-json\/wp\/v2\/pages\/8\/revisions"}],"wp:attachment":[{"href":"https:\/\/beazplus.rs\/de\/wp-json\/wp\/v2\/media?parent=8"}],"curies":[{"name":"wp","href":"https:\/\/api.w.org\/{rel}","templated":true}]}}