{"id":197,"date":"2016-02-10T18:45:52","date_gmt":"2016-02-10T17:45:52","guid":{"rendered":"https:\/\/beazplus.rs\/?page_id=197"},"modified":"2016-08-30T13:53:45","modified_gmt":"2016-08-30T11:53:45","slug":"granulati","status":"publish","type":"page","link":"https:\/\/beazplus.rs\/hu\/granulati\/","title":{"rendered":"Szemcsek"},"content":{"rendered":"<section class=\"wpb-content-wrapper\"><p>[vc_row full_width=&#8221;stretch_row&#8221; bg_type=&#8221;bg_color&#8221; enable_overlay=&#8221;enable_overlay_value&#8221; overlay_pattern=&#8221;02.png&#8221; overlay_pattern_opacity=&#8221;25&#8243; overlay_pattern_size=&#8221;5&#8243; css=&#8221;.vc_custom_1455457985697{padding-top: 100px !important;padding-bottom: 100px !important;}&#8221; bg_color_value=&#8221;#ffffff&#8221;][vc_column width=&#8221;1\/2&#8243;][vc_column_text css_animation=&#8221;left-to-right&#8221;]<\/p>\n<h1><span style=\"color: #97c33c;\"><strong>MARVANYOS SZEMCSEK<\/strong><\/span><\/h1>\n<p>kiv\u00e1l\u00f3 t\u00f6lt\u0151anyag a termel\u00e9s vakolatok \u00e9s az\u00e9rt, mert a jellemz\u0151k lehet\u0151v\u00e9 teszik ezeket az anyagokat, magas tart\u00f3ss\u00e1g.<\/p>\n<p><strong>EL\u00c9RHET\u0150 GRANUL\u00c1L\u00c1S:<\/strong><\/p>\n<ol>\n<li>\n<h5>Garnulat szemcsem\u00e9ret 0 &#8211; 0,5 mm<\/h5>\n<\/li>\n<li>\n<h5>Garnulat szemcsem\u00e9ret 0,5 &#8211; 1,0 mm<\/h5>\n<\/li>\n<li>\n<h5>Garnulat szemcsem\u00e9ret 1,0 &#8211;\u00a0 1,5 mm<\/h5>\n<\/li>\n<li>\n<h5>Garnulat szemcsem\u00e9ret 1,5 &#8211; 2,0 mm<\/h5>\n<\/li>\n<li>\n<h5>Garnulat szemcsem\u00e9ret 2,0 &#8211; 2,5 mm<\/h5>\n<\/li>\n<\/ol>\n<p>[\/vc_column_text][\/vc_column][vc_column width=&#8221;1\/2&#8243;][vc_single_image image=&#8221;362&#8243; img_size=&#8221;large&#8221; css_animation=&#8221;right-to-left&#8221;][\/vc_column][\/vc_row]<\/p>\n<\/section>","protected":false},"excerpt":{"rendered":"<p>[vc_row full_width=&#8221;stretch_row&#8221; bg_type=&#8221;bg_color&#8221; enable_overlay=&#8221;enable_overlay_value&#8221; overlay_pattern=&#8221;02.png&#8221; overlay_pattern_opacity=&#8221;25&#8243; overlay_pattern_size=&#8221;5&#8243; css=&#8221;.vc_custom_1455457985697{padding-top: 100px !important;padding-bottom: 100px !important;}&#8221; bg_color_value=&#8221;#ffffff&#8221;][vc_column width=&#8221;1\/2&#8243;][vc_column_text css_animation=&#8221;left-to-right&#8221;] MARVANYOS SZEMCSEK kiv\u00e1l\u00f3 t\u00f6lt\u0151anyag a termel\u00e9s vakolatok \u00e9s az\u00e9rt, mert a<span class=\"excerpt-hellip\"> [\u2026]<\/span><\/p>\n","protected":false},"author":1,"featured_media":0,"parent":0,"menu_order":0,"comment_status":"closed","ping_status":"closed","template":"","meta":{"footnotes":""},"class_list":["post-197","page","type-page","status-publish","hentry"],"_hostinger_reach_plugin_has_subscription_block":false,"_hostinger_reach_plugin_is_elementor":false,"_links":{"self":[{"href":"https:\/\/beazplus.rs\/hu\/wp-json\/wp\/v2\/pages\/197","targetHints":{"allow":["GET"]}}],"collection":[{"href":"https:\/\/beazplus.rs\/hu\/wp-json\/wp\/v2\/pages"}],"about":[{"href":"https:\/\/beazplus.rs\/hu\/wp-json\/wp\/v2\/types\/page"}],"author":[{"embeddable":true,"href":"https:\/\/beazplus.rs\/hu\/wp-json\/wp\/v2\/users\/1"}],"replies":[{"embeddable":true,"href":"https:\/\/beazplus.rs\/hu\/wp-json\/wp\/v2\/comments?post=197"}],"version-history":[{"count":0,"href":"https:\/\/beazplus.rs\/hu\/wp-json\/wp\/v2\/pages\/197\/revisions"}],"wp:attachment":[{"href":"https:\/\/beazplus.rs\/hu\/wp-json\/wp\/v2\/media?parent=197"}],"curies":[{"name":"wp","href":"https:\/\/api.w.org\/{rel}","templated":true}]}}