{"id":41,"date":"2016-01-25T13:40:40","date_gmt":"2016-01-25T12:40:40","guid":{"rendered":"https:\/\/beazplus.rs\/?page_id=41"},"modified":"2016-03-11T15:45:56","modified_gmt":"2016-03-11T14:45:56","slug":"kalcijum-karbonati","status":"publish","type":"page","link":"https:\/\/beazplus.rs\/hu\/kalcijum-karbonati\/","title":{"rendered":"Kalcium karbon\u00e1t"},"content":{"rendered":"<section class=\"wpb-content-wrapper\"><p>[vc_row css=&#8221;.vc_custom_1455464942495{padding-top: 100px !important;padding-bottom: 50px !important;}&#8221;][vc_column][vc_column_text css_animation=&#8221;top-to-bottom&#8221;]<\/p>\n<h1 style=\"text-align: center;\"><span style=\"color: #81c100;\"><strong>MIKRONIZ\u00c1LT KALCIUM KARBON\u00c1T<\/strong><\/span><\/h1>\n<h3 style=\"text-align: center;\">elj\u00e1r\u00e1sban kapott a legfinomabb \u0151rl\u00e9si alkalmazunk t\u00f6lt\u0151anyagk\u00e9nt a termel\u00e9s fest\u00e9kek \u00e9s lakkok, pap\u00edr, gumi, m\u0171anyag, valamint a mez\u0151gazdas\u00e1gban.<\/h3>\n<p>[\/vc_column_text][\/vc_column][\/vc_row][vc_row css=&#8221;.vc_custom_1455465079995{padding-bottom: 35px !important;}&#8221;][vc_column][vc_custom_heading text=&#8221;Rendelkez\u00e9sre \u00e1ll\u00f3 lehet\u0151s\u00e9gek&#8221; font_container=&#8221;tag:h2|text_align:center|color:%236998ad&#8221; use_theme_fonts=&#8221;yes&#8221;][vc_separator color=&#8221;sky&#8221; el_width=&#8221;60&#8243;][\/vc_column][\/vc_row][vc_row css=&#8221;.vc_custom_1455465146838{padding-bottom: 35px !important;}&#8221;][vc_column width=&#8221;1\/2&#8243;]<div class=\"uavc-list-icon uavc-list-icon-wrapper ult-adjust-bottom-margin   \"><ul class=\"uavc-list\"><li><div class=\"uavc-list-content\" id=\"list-icon-wrap-9192\">\n<div class=\"uavc-list-icon  \" data-animation=\"\" data-animation-delay=\"03\" style=\"margin-right:15px;\"><div class=\"ult-just-icon-wrapper  \"><div class=\"align-icon\" style=\"text-align:center;\">\n<div class=\"aio-icon-img \" style=\"font-size:25px;display:inline-block;\" >\n\t<img decoding=\"async\" class=\"img-icon\" alt=\"null\" src=\"https:\/\/beazplus.rs\/wp-content\/uploads\/2016\/01\/icon_beazplus.png\"\/>\n<\/div><\/div><\/div>\n<\/div><span  data-ultimate-target='#list-icon-wrap-9192 .uavc-list-desc'  data-responsive-json-new='{\"font-size\":\"\",\"line-height\":\"\"}'  class=\"uavc-list-desc ult-responsive\" style=\"\">A kalcium-karbon\u00e1t, legfeljebb 5 \u00b5m\u00a0\u00a0\u00a0\u00a0\u00a0\u00a0\u00a0\u00a0\u00a0\u00a0\u00a0\u00a0\u00a0 \u00a0\u00a0\u00a0\u00a0(D<sub>50<\/sub> \u2013 1,7 \u00b5m\u00a0\u00a0\u00a0\u00a0 D<sub>98<\/sub> \u2013\u00a0 5 \u00b5m )<\/span><\/div><\/li><li><div class=\"uavc-list-content\" id=\"list-icon-wrap-7398\">\n<div class=\"uavc-list-icon  \" data-animation=\"\" data-animation-delay=\"03\" style=\"margin-right:15px;\"><div class=\"ult-just-icon-wrapper  \"><div class=\"align-icon\" style=\"text-align:center;\">\n<div class=\"aio-icon-img \" style=\"font-size:25px;display:inline-block;\" >\n\t<img decoding=\"async\" class=\"img-icon\" alt=\"null\" src=\"https:\/\/beazplus.rs\/wp-content\/uploads\/2016\/01\/icon_beazplus.png\"\/>\n<\/div><\/div><\/div>\n<\/div><span  data-ultimate-target='#list-icon-wrap-7398 .uavc-list-desc'  data-responsive-json-new='{\"font-size\":\"\",\"line-height\":\"\"}'  class=\"uavc-list-desc ult-responsive\" style=\"\">A kalcium-karbon\u00e1t, legfeljebb 10 \u00b5m\u00a0\u00a0\u00a0\u00a0\u00a0\u00a0\u00a0\u00a0\u00a0\u00a0\u00a0\u00a0\u00a0\u00a0\u00a0 (D<sub>50<\/sub> \u2013 2,0\u00a0 \u00b5m\u00a0\u00a0\u00a0\u00a0 D<sub>98<\/sub> \u2013 10 \u00b5m )<\/span><\/div><\/li><li><div class=\"uavc-list-content\" id=\"list-icon-wrap-4120\">\n<div class=\"uavc-list-icon  \" data-animation=\"\" data-animation-delay=\"03\" style=\"margin-right:15px;\"><div class=\"ult-just-icon-wrapper  \"><div class=\"align-icon\" style=\"text-align:center;\">\n<div class=\"aio-icon-img \" style=\"font-size:25px;display:inline-block;\" >\n\t<img decoding=\"async\" class=\"img-icon\" alt=\"null\" src=\"https:\/\/beazplus.rs\/wp-content\/uploads\/2016\/01\/icon_beazplus.png\"\/>\n<\/div><\/div><\/div>\n<\/div><span  data-ultimate-target='#list-icon-wrap-4120 .uavc-list-desc'  data-responsive-json-new='{\"font-size\":\"\",\"line-height\":\"\"}'  class=\"uavc-list-desc ult-responsive\" style=\"\">A kalcium-karbon\u00e1t, legfeljebb 20 \u00b5m\u00a0\u00a0\u00a0\u00a0\u00a0\u00a0\u00a0\u00a0\u00a0\u00a0\u00a0\u00a0\u00a0\u00a0\u00a0 (D<sub>50<\/sub> \u2013 4,5 \u00b5m\u00a0\u00a0\u00a0\u00a0\u00a0 D<sub>98<\/sub> \u2013 20 \u00b5m )<\/span><\/div><\/li><li><div class=\"uavc-list-content\" id=\"list-icon-wrap-2560\">\n<div class=\"uavc-list-icon  \" data-animation=\"\" data-animation-delay=\"03\" style=\"margin-right:15px;\"><div class=\"ult-just-icon-wrapper  \"><div class=\"align-icon\" style=\"text-align:center;\">\n<div class=\"aio-icon-img \" style=\"font-size:25px;display:inline-block;\" >\n\t<img decoding=\"async\" class=\"img-icon\" alt=\"null\" src=\"https:\/\/beazplus.rs\/wp-content\/uploads\/2016\/01\/icon_beazplus.png\"\/>\n<\/div><\/div><\/div>\n<\/div><span  data-ultimate-target='#list-icon-wrap-2560 .uavc-list-desc'  data-responsive-json-new='{\"font-size\":\"\",\"line-height\":\"\"}'  class=\"uavc-list-desc ult-responsive\" style=\"\">A kalcium-karbon\u00e1t, legfeljebb 40 \u00b5m\u00a0\u00a0\u00a0\u00a0\u00a0\u00a0\u00a0\u00a0\u00a0\u00a0\u00a0\u00a0\u00a0\u00a0\u00a0 (D<sub>50<\/sub> \u2013 7,0 \u00b5m\u00a0\u00a0\u00a0\u00a0\u00a0\u00a0 D<sub>98<\/sub> \u2013 45 \u00b5m )<\/span><\/div><\/li><li><div class=\"uavc-list-content\" id=\"list-icon-wrap-8722\">\n<div class=\"uavc-list-icon  \" data-animation=\"\" data-animation-delay=\"03\" style=\"margin-right:15px;\"><div class=\"ult-just-icon-wrapper  \"><div class=\"align-icon\" style=\"text-align:center;\">\n<div class=\"aio-icon-img \" style=\"font-size:25px;display:inline-block;\" >\n\t<img decoding=\"async\" class=\"img-icon\" alt=\"null\" src=\"https:\/\/beazplus.rs\/wp-content\/uploads\/2016\/01\/icon_beazplus.png\"\/>\n<\/div><\/div><\/div>\n<\/div><span  data-ultimate-target='#list-icon-wrap-8722 .uavc-list-desc'  data-responsive-json-new='{\"font-size\":\"\",\"line-height\":\"\"}'  class=\"uavc-list-desc ult-responsive\" style=\"\">A kalcium-karbon\u00e1t, legfeljebb 60 \u00b5m\u00a0\u00a0\u00a0\u00a0\u00a0\u00a0\u00a0\u00a0\u00a0\u00a0\u00a0\u00a0\u00a0\u00a0\u00a0 (D<sub>50<\/sub> \u2013 10,2 \u00b5m\u00a0\u00a0\u00a0 D<sub>98<\/sub> \u2013 60 \u00b5m )<\/span><\/div><\/li><li><div class=\"uavc-list-content\" id=\"list-icon-wrap-5120\">\n<div class=\"uavc-list-icon  \" data-animation=\"\" data-animation-delay=\"03\" style=\"margin-right:15px;\"><div class=\"ult-just-icon-wrapper  \"><div class=\"align-icon\" style=\"text-align:center;\">\n<div class=\"aio-icon-img \" style=\"font-size:25px;display:inline-block;\" >\n\t<img decoding=\"async\" class=\"img-icon\" alt=\"null\" src=\"https:\/\/beazplus.rs\/wp-content\/uploads\/2016\/01\/icon_beazplus.png\"\/>\n<\/div><\/div><\/div>\n<\/div><span  data-ultimate-target='#list-icon-wrap-5120 .uavc-list-desc'  data-responsive-json-new='{\"font-size\":\"\",\"line-height\":\"\"}'  class=\"uavc-list-desc ult-responsive\" style=\"\">A kalcium-karbon\u00e1t, legfeljebb 90 \u00b5m \u00a0 \u00a0 \u00a0 \u00a0 \u00a0 \u00a0 \u00a0 (D<sub>50<\/sub> \u2013 15,5 \u00b5m\u00a0\u00a0\u00a0 D<sub>98<\/sub> \u2013 100 \u00b5m )<\/span><\/div><\/li><li><div class=\"uavc-list-content\" id=\"list-icon-wrap-6921\">\n<div class=\"uavc-list-icon  \" data-animation=\"\" data-animation-delay=\"03\" style=\"margin-right:15px;\"><div class=\"ult-just-icon-wrapper  \"><div class=\"align-icon\" style=\"text-align:center;\">\n<div class=\"aio-icon-img \" style=\"font-size:25px;display:inline-block;\" >\n\t<img decoding=\"async\" class=\"img-icon\" alt=\"null\" src=\"https:\/\/beazplus.rs\/wp-content\/uploads\/2016\/01\/icon_beazplus.png\"\/>\n<\/div><\/div><\/div>\n<\/div><span  data-ultimate-target='#list-icon-wrap-6921 .uavc-list-desc'  data-responsive-json-new='{\"font-size\":\"\",\"line-height\":\"\"}'  class=\"uavc-list-desc ult-responsive\" style=\"\">A kalcium-karbon\u00e1t, legfeljebb 150 \u00b5m \u00a0 \u00a0 \u00a0 \u00a0 \u00a0 \u00a0 (D<sub>50<\/sub> \u2013 32 \u00b5m\u00a0\u00a0\u00a0\u00a0\u00a0\u00a0 D<sub>98<\/sub> \u2013 125 \u00b5m )<\/span><\/div><\/li><\/ul><\/div>[\/vc_column][vc_column width=&#8221;1\/2&#8243;]<div class=\"uavc-list-icon uavc-list-icon-wrapper ult-adjust-bottom-margin   \"><ul class=\"uavc-list\"><li><div class=\"uavc-list-content\" id=\"list-icon-wrap-5979\">\n<div class=\"uavc-list-icon  \" data-animation=\"\" data-animation-delay=\"03\" style=\"margin-right:15px;\"><div class=\"ult-just-icon-wrapper  \"><div class=\"align-icon\" style=\"text-align:center;\">\n<div class=\"aio-icon-img \" style=\"font-size:25px;display:inline-block;\" >\n\t<img decoding=\"async\" class=\"img-icon\" alt=\"null\" src=\"https:\/\/beazplus.rs\/wp-content\/uploads\/2016\/01\/icon_beazplus.png\"\/>\n<\/div><\/div><\/div>\n<\/div><span  data-ultimate-target='#list-icon-wrap-5979 .uavc-list-desc'  data-responsive-json-new='{\"font-size\":\"\",\"line-height\":\"\"}'  class=\"uavc-list-desc ult-responsive\" style=\"\">A kalcium-karbon\u00e1t, legfeljebb 200 \u00b5m \u00a0 \u00a0 \u00a0 \u00a0 \u00a0 \u00a0 (D<sub>50<\/sub> \u2013 35 \u00b5m\u00a0\u00a0\u00a0\u00a0\u00a0\u00a0 D<sub>98<\/sub> \u2013 150 \u00b5m )<\/span><\/div><\/li><li><div class=\"uavc-list-content\" id=\"list-icon-wrap-2742\">\n<div class=\"uavc-list-icon  \" data-animation=\"\" data-animation-delay=\"03\" style=\"margin-right:15px;\"><div class=\"ult-just-icon-wrapper  \"><div class=\"align-icon\" style=\"text-align:center;\">\n<div class=\"aio-icon-img \" style=\"font-size:25px;display:inline-block;\" >\n\t<img decoding=\"async\" class=\"img-icon\" alt=\"null\" src=\"https:\/\/beazplus.rs\/wp-content\/uploads\/2016\/01\/icon_beazplus.png\"\/>\n<\/div><\/div><\/div>\n<\/div><span  data-ultimate-target='#list-icon-wrap-2742 .uavc-list-desc'  data-responsive-json-new='{\"font-size\":\"\",\"line-height\":\"\"}'  class=\"uavc-list-desc ult-responsive\" style=\"\">Bevont kalcium-karbon\u00e1t, legfeljebb 5 \u00b5m<\/span><\/div><\/li><li><div class=\"uavc-list-content\" id=\"list-icon-wrap-2249\">\n<div class=\"uavc-list-icon  \" data-animation=\"\" data-animation-delay=\"03\" style=\"margin-right:15px;\"><div class=\"ult-just-icon-wrapper  \"><div class=\"align-icon\" style=\"text-align:center;\">\n<div class=\"aio-icon-img \" style=\"font-size:25px;display:inline-block;\" >\n\t<img decoding=\"async\" class=\"img-icon\" alt=\"null\" src=\"https:\/\/beazplus.rs\/wp-content\/uploads\/2016\/01\/icon_beazplus.png\"\/>\n<\/div><\/div><\/div>\n<\/div><span  data-ultimate-target='#list-icon-wrap-2249 .uavc-list-desc'  data-responsive-json-new='{\"font-size\":\"\",\"line-height\":\"\"}'  class=\"uavc-list-desc ult-responsive\" style=\"\">Bevont kalcium-karbon\u00e1t, legfeljebb 10 \u00b5m<\/span><\/div><\/li><li><div class=\"uavc-list-content\" id=\"list-icon-wrap-1367\">\n<div class=\"uavc-list-icon  \" data-animation=\"\" data-animation-delay=\"03\" style=\"margin-right:15px;\"><div class=\"ult-just-icon-wrapper  \"><div class=\"align-icon\" style=\"text-align:center;\">\n<div class=\"aio-icon-img \" style=\"font-size:25px;display:inline-block;\" >\n\t<img decoding=\"async\" class=\"img-icon\" alt=\"null\" src=\"https:\/\/beazplus.rs\/wp-content\/uploads\/2016\/01\/icon_beazplus.png\"\/>\n<\/div><\/div><\/div>\n<\/div><span  data-ultimate-target='#list-icon-wrap-1367 .uavc-list-desc'  data-responsive-json-new='{\"font-size\":\"\",\"line-height\":\"\"}'  class=\"uavc-list-desc ult-responsive\" style=\"\">Bevont kalcium-karbon\u00e1t, legfeljebb 20 \u00b5m<\/span><\/div><\/li><li><div class=\"uavc-list-content\" id=\"list-icon-wrap-7195\">\n<div class=\"uavc-list-icon  \" data-animation=\"\" data-animation-delay=\"03\" style=\"margin-right:15px;\"><div class=\"ult-just-icon-wrapper  \"><div class=\"align-icon\" style=\"text-align:center;\">\n<div class=\"aio-icon-img \" style=\"font-size:25px;display:inline-block;\" >\n\t<img decoding=\"async\" class=\"img-icon\" alt=\"null\" src=\"https:\/\/beazplus.rs\/wp-content\/uploads\/2016\/01\/icon_beazplus.png\"\/>\n<\/div><\/div><\/div>\n<\/div><span  data-ultimate-target='#list-icon-wrap-7195 .uavc-list-desc'  data-responsive-json-new='{\"font-size\":\"\",\"line-height\":\"\"}'  class=\"uavc-list-desc ult-responsive\" style=\"\">T\u00f6lt\u0151anyag 2 x f\u00f6ldfelsz\u00ednt\u0151l 315 \u00b5m \u00a0 \u00a0 \u00a0 \u00a0 \u00a0(D<sub>50<\/sub> \u2013 45 \u00b5m\u00a0\u00a0\u00a0\u00a0\u00a0\u00a0 D<sub>98<\/sub> \u2013 250 \u00b5m )<\/span><\/div><\/li><li><div class=\"uavc-list-content\" id=\"list-icon-wrap-8183\">\n<div class=\"uavc-list-icon  \" data-animation=\"\" data-animation-delay=\"03\" style=\"margin-right:15px;\"><div class=\"ult-just-icon-wrapper  \"><div class=\"align-icon\" style=\"text-align:center;\">\n<div class=\"aio-icon-img \" style=\"font-size:25px;display:inline-block;\" >\n\t<img decoding=\"async\" class=\"img-icon\" alt=\"null\" src=\"https:\/\/beazplus.rs\/wp-content\/uploads\/2016\/01\/icon_beazplus.png\"\/>\n<\/div><\/div><\/div>\n<\/div><span  data-ultimate-target='#list-icon-wrap-8183 .uavc-list-desc'  data-responsive-json-new='{\"font-size\":\"\",\"line-height\":\"\"}'  class=\"uavc-list-desc ult-responsive\" style=\"\">\u00c1llatteny\u00e9szt\u00e9s kr\u00e9ta \u00a0 \u00a0 \u00a0 \u00a0 (D<sub>50<\/sub> \u2013 45 \u00b5m\u00a0\u00a0\u00a0\u00a0\u00a0\u00a0 D<sub>98<\/sub> \u2013 300 \u00b5m )<\/span><\/div><\/li><\/ul><\/div>[\/vc_column][\/vc_row]<\/p>\n<\/section>","protected":false},"excerpt":{"rendered":"<p>[vc_row css=&#8221;.vc_custom_1455464942495{padding-top: 100px !important;padding-bottom: 50px !important;}&#8221;][vc_column][vc_column_text css_animation=&#8221;top-to-bottom&#8221;] MIKRONIZ\u00c1LT KALCIUM KARBON\u00c1T elj\u00e1r\u00e1sban kapott a legfinomabb \u0151rl\u00e9si alkalmazunk t\u00f6lt\u0151anyagk\u00e9nt a termel\u00e9s fest\u00e9kek \u00e9s lakkok, pap\u00edr, gumi, m\u0171anyag, valamint<span class=\"excerpt-hellip\"> [\u2026]<\/span><\/p>\n","protected":false},"author":1,"featured_media":0,"parent":0,"menu_order":0,"comment_status":"closed","ping_status":"closed","template":"","meta":{"footnotes":""},"class_list":["post-41","page","type-page","status-publish","hentry"],"_hostinger_reach_plugin_has_subscription_block":false,"_hostinger_reach_plugin_is_elementor":false,"_links":{"self":[{"href":"https:\/\/beazplus.rs\/hu\/wp-json\/wp\/v2\/pages\/41","targetHints":{"allow":["GET"]}}],"collection":[{"href":"https:\/\/beazplus.rs\/hu\/wp-json\/wp\/v2\/pages"}],"about":[{"href":"https:\/\/beazplus.rs\/hu\/wp-json\/wp\/v2\/types\/page"}],"author":[{"embeddable":true,"href":"https:\/\/beazplus.rs\/hu\/wp-json\/wp\/v2\/users\/1"}],"replies":[{"embeddable":true,"href":"https:\/\/beazplus.rs\/hu\/wp-json\/wp\/v2\/comments?post=41"}],"version-history":[{"count":0,"href":"https:\/\/beazplus.rs\/hu\/wp-json\/wp\/v2\/pages\/41\/revisions"}],"wp:attachment":[{"href":"https:\/\/beazplus.rs\/hu\/wp-json\/wp\/v2\/media?parent=41"}],"curies":[{"name":"wp","href":"https:\/\/api.w.org\/{rel}","templated":true}]}}